{"id":140,"date":"2021-08-23T16:32:49","date_gmt":"2021-08-23T14:32:49","guid":{"rendered":"http:\/\/orbwear.pl\/?page_id=140"},"modified":"2022-04-04T18:56:37","modified_gmt":"2022-04-04T16:56:37","slug":"kontakt","status":"publish","type":"page","link":"https:\/\/orbwear.pl\/en\/kontakt\/","title":{"rendered":"CONTACT"},"content":{"rendered":"<div data-elementor-type=\"wp-page\" data-elementor-id=\"140\" class=\"elementor elementor-140\" data-elementor-settings=\"[]\">\n\t\t\t\t\t\t<div class=\"elementor-inner\">\n\t\t\t\t\t\t\t<div class=\"elementor-section-wrap\">\n\t\t\t\t\t\t\t<section class=\"elementor-section elementor-top-section elementor-element elementor-element-a9c7292 elementor-section-boxed elementor-section-height-default elementor-section-height-default\" data-id=\"a9c7292\" data-element_type=\"section\">\n\t\t\t\t\t\t<div class=\"elementor-container elementor-column-gap-default\">\n\t\t\t\t\t\t\t<div class=\"elementor-row\">\n\t\t\t\t\t<div class=\"elementor-column elementor-col-100 elementor-top-column elementor-element elementor-element-d32667e\" data-id=\"d32667e\" data-element_type=\"column\">\n\t\t\t<div class=\"elementor-column-wrap elementor-element-populated\">\n\t\t\t\t\t\t\t<div class=\"elementor-widget-wrap\">\n\t\t\t\t\t\t<div class=\"elementor-element elementor-element-d91d894 elementor-widget elementor-widget-heading\" data-id=\"d91d894\" data-element_type=\"widget\" data-widget_type=\"heading.default\">\n\t\t\t\t<div class=\"elementor-widget-container\">\n\t\t\t<h2 class=\"elementor-heading-title elementor-size-default\">CONTACT US<\/h2>\t\t<\/div>\n\t\t\t\t<\/div>\n\t\t\t\t<section class=\"elementor-section elementor-inner-section elementor-element elementor-element-f857928 elementor-section-boxed elementor-section-height-default elementor-section-height-default\" data-id=\"f857928\" data-element_type=\"section\">\n\t\t\t\t\t\t<div class=\"elementor-container elementor-column-gap-default\">\n\t\t\t\t\t\t\t<div class=\"elementor-row\">\n\t\t\t\t\t<div class=\"elementor-column elementor-col-33 elementor-inner-column elementor-element elementor-element-2b7aa93\" data-id=\"2b7aa93\" data-element_type=\"column\">\n\t\t\t<div class=\"elementor-column-wrap\">\n\t\t\t\t\t\t\t<div class=\"elementor-widget-wrap\">\n\t\t\t\t\t\t\t\t<\/div>\n\t\t\t\t\t<\/div>\n\t\t<\/div>\n\t\t\t\t<div class=\"elementor-column elementor-col-33 elementor-inner-column elementor-element elementor-element-ed9bdfd\" data-id=\"ed9bdfd\" data-element_type=\"column\">\n\t\t\t<div class=\"elementor-column-wrap elementor-element-populated\">\n\t\t\t\t\t\t\t<div class=\"elementor-widget-wrap\">\n\t\t\t\t\t\t<div class=\"elementor-element elementor-element-129567d elementor-button-align-stretch elementor-widget elementor-widget-form\" data-id=\"129567d\" data-element_type=\"widget\" data-settings=\"{&quot;step_next_label&quot;:&quot;Next&quot;,&quot;step_previous_label&quot;:&quot;Previous&quot;,&quot;button_width&quot;:&quot;100&quot;,&quot;step_type&quot;:&quot;number_text&quot;,&quot;step_icon_shape&quot;:&quot;circle&quot;}\" data-widget_type=\"form.default\">\n\t\t\t\t<div class=\"elementor-widget-container\">\n\t\t\t\t\t<form class=\"elementor-form\" method=\"post\" name=\"Kontakt\" action=\"\">\n\t\t\t<input type=\"hidden\" name=\"post_id\" value=\"140\"\/>\n\t\t\t<input type=\"hidden\" name=\"form_id\" value=\"129567d\"\/>\n\t\t\t<input type=\"hidden\" name=\"referer_title\" value=\"ORB\" \/>\n\n\t\t\t\n\t\t\t<div class=\"elementor-form-fields-wrapper elementor-labels-above\">\n\t\t\t\t\t\t\t\t<div class=\"elementor-field-type-text elementor-field-group elementor-column elementor-field-group-name elementor-col-100\">\n\t\t\t\t\t\t\t\t\t\t\t\t<label for=\"form-field-name\" class=\"elementor-field-label\">\n\t\t\t\t\t\t\t\tNAME AND SURNAME\t\t\t\t\t\t\t<\/label>\n\t\t\t\t\t\t\t\t\t\t\t\t\t\t<input size=\"1\" type=\"text\" name=\"form_fields[name]\" id=\"form-field-name\" class=\"elementor-field elementor-size-sm  elementor-field-textual\">\n\t\t\t\t\t\t\t\t\t\t\t<\/div>\n\t\t\t\t\t\t\t\t<div class=\"elementor-field-type-email elementor-field-group elementor-column elementor-field-group-email elementor-col-100 elementor-field-required elementor-mark-required\">\n\t\t\t\t\t\t\t\t\t\t\t\t<label for=\"form-field-email\" class=\"elementor-field-label\">\n\t\t\t\t\t\t\t\tEmail\t\t\t\t\t\t\t<\/label>\n\t\t\t\t\t\t\t\t\t\t\t\t\t\t<input size=\"1\" type=\"email\" name=\"form_fields[email]\" id=\"form-field-email\" class=\"elementor-field elementor-size-sm  elementor-field-textual\" required=\"required\" aria-required=\"true\">\n\t\t\t\t\t\t\t\t\t\t\t<\/div>\n\t\t\t\t\t\t\t\t<div class=\"elementor-field-type-tel elementor-field-group elementor-column elementor-field-group-field_6f25919 elementor-col-100 elementor-field-required elementor-mark-required\">\n\t\t\t\t\t\t\t\t\t\t\t\t<label for=\"form-field-field_6f25919\" class=\"elementor-field-label\">\n\t\t\t\t\t\t\t\tPHONE NUMBER\t\t\t\t\t\t\t<\/label>\n\t\t\t\t\t\t\t\t<input size=\"1\" type=\"tel\" name=\"form_fields[field_6f25919]\" id=\"form-field-field_6f25919\" class=\"elementor-field elementor-size-sm  elementor-field-textual\" required=\"required\" aria-required=\"true\" pattern=\"[0-9()#&amp;+*-=.]+\" title=\"Only numbers and phone characters (#, -, *, etc) are accepted.\">\n\n\t\t\t\t\t\t<\/div>\n\t\t\t\t\t\t\t\t<div class=\"elementor-field-type-textarea elementor-field-group elementor-column elementor-field-group-message elementor-col-100\">\n\t\t\t\t\t\t\t\t\t\t\t\t<label for=\"form-field-message\" class=\"elementor-field-label\">\n\t\t\t\t\t\t\t\tMESSAGE\t\t\t\t\t\t\t<\/label>\n\t\t\t\t\t\t<textarea class=\"elementor-field-textual elementor-field  elementor-size-sm\" name=\"form_fields[message]\" id=\"form-field-message\" rows=\"4\"><\/textarea>\t\t\t\t<\/div>\n\t\t\t\t\t\t\t\t<div class=\"elementor-field-group elementor-column elementor-field-type-submit elementor-col-100 e-form__buttons\">\n\t\t\t\t\t<button type=\"submit\" class=\"elementor-button elementor-size-sm\">\n\t\t\t\t\t\t<span >\n\t\t\t\t\t\t\t\t\t\t\t\t\t\t\t<span class=\"elementor-button-icon\">\n\t\t\t\t\t\t\t\t\t\t\t\t\t\t\t\t\t\t\t\t\t\t\t\t\t\t<\/span>\n\t\t\t\t\t\t\t\t\t\t\t\t\t\t\t\t\t\t\t\t\t\t<span class=\"elementor-button-text\">Send<\/span>\n\t\t\t\t\t\t\t\t\t\t\t\t\t<\/span>\n\t\t\t\t\t<\/button>\n\t\t\t\t<\/div>\n\t\t\t<\/div>\n\t\t<input type=\"hidden\" name=\"trp-form-language\" value=\"en\"\/><\/form>\n\t\t\t\t<\/div>\n\t\t\t\t<\/div>\n\t\t\t\t\t\t<\/div>\n\t\t\t\t\t<\/div>\n\t\t<\/div>\n\t\t\t\t<div class=\"elementor-column elementor-col-33 elementor-inner-column elementor-element elementor-element-91b6fa1\" data-id=\"91b6fa1\" data-element_type=\"column\">\n\t\t\t<div class=\"elementor-column-wrap\">\n\t\t\t\t\t\t\t<div class=\"elementor-widget-wrap\">\n\t\t\t\t\t\t\t\t<\/div>\n\t\t\t\t\t<\/div>\n\t\t<\/div>\n\t\t\t\t\t\t\t\t<\/div>\n\t\t\t\t\t<\/div>\n\t\t<\/section>\n\t\t\t\t\t\t<\/div>\n\t\t\t\t\t<\/div>\n\t\t<\/div>\n\t\t\t\t\t\t\t\t<\/div>\n\t\t\t\t\t<\/div>\n\t\t<\/section>\n\t\t\t\t\t\t<\/div>\n\t\t\t\t\t\t<\/div>\n\t\t\t\t\t<\/div>","protected":false},"excerpt":{"rendered":"<p>CONTACT US<\/p>","protected":false},"author":1,"featured_media":0,"parent":0,"menu_order":0,"comment_status":"closed","ping_status":"closed","template":"elementor_header_footer","meta":{"footnotes":""},"class_list":["post-140","page","type-page","status-publish","hentry"],"yoast_head":"<!-- This site is optimized with the Yoast SEO plugin v20.5 - https:\/\/yoast.com\/wordpress\/plugins\/seo\/ -->\n<title>Polska marka odzie\u017cowa ORB - Kontakt<\/title>\n<meta name=\"description\" content=\"Chcesz nawi\u0105za\u0107 wsp\u00f3\u0142prace z dynamicznie rozwijaj\u0105c\u0105 si\u0119, polsk\u0105 mark\u0105 odzie\u017cow\u0105? Szukasz odzie\u017cy na imprezy muzyczne? Skontaktuj si\u0119 z nami.\" \/>\n<meta name=\"robots\" content=\"index, follow, max-snippet:-1, max-image-preview:large, max-video-preview:-1\" \/>\n<link rel=\"canonical\" href=\"https:\/\/orbwear.pl\/en\/kontakt\/\" \/>\n<meta property=\"og:locale\" content=\"en_GB\" \/>\n<meta property=\"og:type\" content=\"article\" \/>\n<meta property=\"og:title\" content=\"Polska marka odzie\u017cowa ORB - Kontakt\" \/>\n<meta property=\"og:description\" content=\"Chcesz nawi\u0105za\u0107 wsp\u00f3\u0142prace z dynamicznie rozwijaj\u0105c\u0105 si\u0119, polsk\u0105 mark\u0105 odzie\u017cow\u0105? Szukasz odzie\u017cy na imprezy muzyczne? Skontaktuj si\u0119 z nami.\" \/>\n<meta property=\"og:url\" content=\"https:\/\/orbwear.pl\/en\/kontakt\/\" \/>\n<meta property=\"og:site_name\" content=\"ORB\" \/>\n<meta property=\"article:publisher\" content=\"https:\/\/www.facebook.com\/orbwear\" \/>\n<meta property=\"article:modified_time\" content=\"2022-04-04T16:56:37+00:00\" \/>\n<meta name=\"twitter:card\" content=\"summary_large_image\" \/>\n<meta name=\"twitter:label1\" content=\"Estimated reading time\" \/>\n\t<meta name=\"twitter:data1\" content=\"1 minute\" \/>\n<script type=\"application\/ld+json\" class=\"yoast-schema-graph\">{\"@context\":\"https:\/\/schema.org\",\"@graph\":[{\"@type\":\"WebPage\",\"@id\":\"https:\/\/orbwear.pl\/kontakt\/\",\"url\":\"https:\/\/orbwear.pl\/kontakt\/\",\"name\":\"Polska marka odzie\u017cowa ORB - Kontakt\",\"isPartOf\":{\"@id\":\"https:\/\/orbwear.pl\/#website\"},\"datePublished\":\"2021-08-23T14:32:49+00:00\",\"dateModified\":\"2022-04-04T16:56:37+00:00\",\"description\":\"Chcesz nawi\u0105za\u0107 wsp\u00f3\u0142prace z dynamicznie rozwijaj\u0105c\u0105 si\u0119, polsk\u0105 mark\u0105 odzie\u017cow\u0105? Szukasz odzie\u017cy na imprezy muzyczne? Skontaktuj si\u0119 z nami.\",\"breadcrumb\":{\"@id\":\"https:\/\/orbwear.pl\/kontakt\/#breadcrumb\"},\"inLanguage\":\"en-GB\",\"potentialAction\":[{\"@type\":\"ReadAction\",\"target\":[\"https:\/\/orbwear.pl\/kontakt\/\"]}]},{\"@type\":\"BreadcrumbList\",\"@id\":\"https:\/\/orbwear.pl\/kontakt\/#breadcrumb\",\"itemListElement\":[{\"@type\":\"ListItem\",\"position\":1,\"name\":\"Strona g\u0142\u00f3wna\",\"item\":\"https:\/\/orbwear.pl\/\"},{\"@type\":\"ListItem\",\"position\":2,\"name\":\"Kontakt\"}]},{\"@type\":\"WebSite\",\"@id\":\"https:\/\/orbwear.pl\/#website\",\"url\":\"https:\/\/orbwear.pl\/\",\"name\":\"ORB\",\"description\":\"Marka odziezowa stworzona ze wspolnych pasji\",\"publisher\":{\"@id\":\"https:\/\/orbwear.pl\/#organization\"},\"potentialAction\":[{\"@type\":\"SearchAction\",\"target\":{\"@type\":\"EntryPoint\",\"urlTemplate\":\"https:\/\/orbwear.pl\/?s={search_term_string}\"},\"query-input\":\"required name=search_term_string\"}],\"inLanguage\":\"en-GB\"},{\"@type\":\"Organization\",\"@id\":\"https:\/\/orbwear.pl\/#organization\",\"name\":\"ORB\",\"url\":\"https:\/\/orbwear.pl\/\",\"logo\":{\"@type\":\"ImageObject\",\"inLanguage\":\"en-GB\",\"@id\":\"https:\/\/orbwear.pl\/#\/schema\/logo\/image\/\",\"url\":\"https:\/\/orbwear.pl\/wp-content\/uploads\/2021\/08\/logo-orb.png\",\"contentUrl\":\"https:\/\/orbwear.pl\/wp-content\/uploads\/2021\/08\/logo-orb.png\",\"width\":438,\"height\":151,\"caption\":\"ORB\"},\"image\":{\"@id\":\"https:\/\/orbwear.pl\/#\/schema\/logo\/image\/\"},\"sameAs\":[\"https:\/\/www.facebook.com\/orbwear\",\"https:\/\/instagram.com\/orb.wear\"]}]}<\/script>\n<!-- \/ Yoast SEO plugin. -->","yoast_head_json":{"title":"Polska marka odzie\u017cowa ORB - Kontakt","description":"Chcesz nawi\u0105za\u0107 wsp\u00f3\u0142prace z dynamicznie rozwijaj\u0105c\u0105 si\u0119, polsk\u0105 mark\u0105 odzie\u017cow\u0105? Szukasz odzie\u017cy na imprezy muzyczne? Skontaktuj si\u0119 z nami.","robots":{"index":"index","follow":"follow","max-snippet":"max-snippet:-1","max-image-preview":"max-image-preview:large","max-video-preview":"max-video-preview:-1"},"canonical":"https:\/\/orbwear.pl\/en\/kontakt\/","og_locale":"en_GB","og_type":"article","og_title":"Polska marka odzie\u017cowa ORB - Kontakt","og_description":"Chcesz nawi\u0105za\u0107 wsp\u00f3\u0142prace z dynamicznie rozwijaj\u0105c\u0105 si\u0119, polsk\u0105 mark\u0105 odzie\u017cow\u0105? Szukasz odzie\u017cy na imprezy muzyczne? Skontaktuj si\u0119 z nami.","og_url":"https:\/\/orbwear.pl\/en\/kontakt\/","og_site_name":"ORB","article_publisher":"https:\/\/www.facebook.com\/orbwear","article_modified_time":"2022-04-04T16:56:37+00:00","twitter_card":"summary_large_image","twitter_misc":{"Estimated reading time":"1 minute"},"schema":{"@context":"https:\/\/schema.org","@graph":[{"@type":"WebPage","@id":"https:\/\/orbwear.pl\/kontakt\/","url":"https:\/\/orbwear.pl\/kontakt\/","name":"Polska marka odzie\u017cowa ORB - Kontakt","isPartOf":{"@id":"https:\/\/orbwear.pl\/#website"},"datePublished":"2021-08-23T14:32:49+00:00","dateModified":"2022-04-04T16:56:37+00:00","description":"Chcesz nawi\u0105za\u0107 wsp\u00f3\u0142prace z dynamicznie rozwijaj\u0105c\u0105 si\u0119, polsk\u0105 mark\u0105 odzie\u017cow\u0105? Szukasz odzie\u017cy na imprezy muzyczne? Skontaktuj si\u0119 z nami.","breadcrumb":{"@id":"https:\/\/orbwear.pl\/kontakt\/#breadcrumb"},"inLanguage":"en-GB","potentialAction":[{"@type":"ReadAction","target":["https:\/\/orbwear.pl\/kontakt\/"]}]},{"@type":"BreadcrumbList","@id":"https:\/\/orbwear.pl\/kontakt\/#breadcrumb","itemListElement":[{"@type":"ListItem","position":1,"name":"Strona g\u0142\u00f3wna","item":"https:\/\/orbwear.pl\/"},{"@type":"ListItem","position":2,"name":"Kontakt"}]},{"@type":"WebSite","@id":"https:\/\/orbwear.pl\/#website","url":"https:\/\/orbwear.pl\/","name":"ORB","description":"Marka odziezowa stworzona ze wspolnych pasji","publisher":{"@id":"https:\/\/orbwear.pl\/#organization"},"potentialAction":[{"@type":"SearchAction","target":{"@type":"EntryPoint","urlTemplate":"https:\/\/orbwear.pl\/?s={search_term_string}"},"query-input":"required name=search_term_string"}],"inLanguage":"en-GB"},{"@type":"Organization","@id":"https:\/\/orbwear.pl\/#organization","name":"ORB","url":"https:\/\/orbwear.pl\/","logo":{"@type":"ImageObject","inLanguage":"en-GB","@id":"https:\/\/orbwear.pl\/#\/schema\/logo\/image\/","url":"https:\/\/orbwear.pl\/wp-content\/uploads\/2021\/08\/logo-orb.png","contentUrl":"https:\/\/orbwear.pl\/wp-content\/uploads\/2021\/08\/logo-orb.png","width":438,"height":151,"caption":"ORB"},"image":{"@id":"https:\/\/orbwear.pl\/#\/schema\/logo\/image\/"},"sameAs":["https:\/\/www.facebook.com\/orbwear","https:\/\/instagram.com\/orb.wear"]}]}},"_links":{"self":[{"href":"https:\/\/orbwear.pl\/en\/wp-json\/wp\/v2\/pages\/140","targetHints":{"allow":["GET"]}}],"collection":[{"href":"https:\/\/orbwear.pl\/en\/wp-json\/wp\/v2\/pages"}],"about":[{"href":"https:\/\/orbwear.pl\/en\/wp-json\/wp\/v2\/types\/page"}],"author":[{"embeddable":true,"href":"https:\/\/orbwear.pl\/en\/wp-json\/wp\/v2\/users\/1"}],"replies":[{"embeddable":true,"href":"https:\/\/orbwear.pl\/en\/wp-json\/wp\/v2\/comments?post=140"}],"version-history":[{"count":25,"href":"https:\/\/orbwear.pl\/en\/wp-json\/wp\/v2\/pages\/140\/revisions"}],"predecessor-version":[{"id":819,"href":"https:\/\/orbwear.pl\/en\/wp-json\/wp\/v2\/pages\/140\/revisions\/819"}],"wp:attachment":[{"href":"https:\/\/orbwear.pl\/en\/wp-json\/wp\/v2\/media?parent=140"}],"curies":[{"name":"wp","href":"https:\/\/api.w.org\/{rel}","templated":true}]}}