{"id":301,"date":"2021-09-13T15:00:54","date_gmt":"2021-09-13T13:00:54","guid":{"rendered":"http:\/\/orbwear.pl\/?page_id=301"},"modified":"2022-06-14T14:04:13","modified_gmt":"2022-06-14T12:04:13","slug":"o-nas","status":"publish","type":"page","link":"https:\/\/orbwear.pl\/en\/o-nas\/","title":{"rendered":"About Us"},"content":{"rendered":"<div data-elementor-type=\"wp-page\" data-elementor-id=\"301\" class=\"elementor elementor-301\" data-elementor-settings=\"[]\">\n\t\t\t\t\t\t<div class=\"elementor-inner\">\n\t\t\t\t\t\t\t<div class=\"elementor-section-wrap\">\n\t\t\t\t\t\t\t<section class=\"elementor-section elementor-top-section elementor-element elementor-element-3a941d5 elementor-section-height-min-height elementor-section-boxed elementor-section-height-default elementor-section-items-middle\" data-id=\"3a941d5\" data-element_type=\"section\" data-settings=\"{&quot;background_background&quot;:&quot;classic&quot;}\">\n\t\t\t\t\t\t<div class=\"elementor-container elementor-column-gap-default\">\n\t\t\t\t\t\t\t<div class=\"elementor-row\">\n\t\t\t\t\t<div class=\"elementor-column elementor-col-100 elementor-top-column elementor-element elementor-element-d65522f\" data-id=\"d65522f\" data-element_type=\"column\">\n\t\t\t<div class=\"elementor-column-wrap\">\n\t\t\t\t\t\t\t<div class=\"elementor-widget-wrap\">\n\t\t\t\t\t\t\t\t<\/div>\n\t\t\t\t\t<\/div>\n\t\t<\/div>\n\t\t\t\t\t\t\t\t<\/div>\n\t\t\t\t\t<\/div>\n\t\t<\/section>\n\t\t\t\t<section class=\"elementor-section elementor-top-section elementor-element elementor-element-10c8577 elementor-section-boxed elementor-section-height-default elementor-section-height-default\" data-id=\"10c8577\" data-element_type=\"section\">\n\t\t\t\t\t\t<div class=\"elementor-container elementor-column-gap-default\">\n\t\t\t\t\t\t\t<div class=\"elementor-row\">\n\t\t\t\t\t<div class=\"elementor-column elementor-col-100 elementor-top-column elementor-element elementor-element-1989f89\" data-id=\"1989f89\" data-element_type=\"column\">\n\t\t\t<div class=\"elementor-column-wrap elementor-element-populated\">\n\t\t\t\t\t\t\t<div class=\"elementor-widget-wrap\">\n\t\t\t\t\t\t<div class=\"elementor-element elementor-element-b5cdf41 elementor-widget elementor-widget-text-editor\" data-id=\"b5cdf41\" data-element_type=\"widget\" data-widget_type=\"text-editor.default\">\n\t\t\t\t<div class=\"elementor-widget-container\">\n\t\t\t\t\t\t\t\t<div class=\"elementor-text-editor elementor-clearfix\">\n\t\t\t\t<h5><strong>ORB<\/strong> - Polish clothing brand that symbolizes a sphere of good energy, acting as a guide or guardian of the community.\u00a0<\/h5><h5>It also represents a magenta dot that appears in an unpredictable way.<\/h5><h5>What does ORB mean to us? It signifies a circle of friends with similar passions and interests, traveling together through the most important techno scenes in Europe and beyond.<\/h5>\t\t\t\t\t<\/div>\n\t\t\t\t\t\t<\/div>\n\t\t\t\t<\/div>\n\t\t\t\t<div class=\"elementor-element elementor-element-835e050 elementor-widget elementor-widget-text-editor\" data-id=\"835e050\" data-element_type=\"widget\" data-widget_type=\"text-editor.default\">\n\t\t\t\t<div class=\"elementor-widget-container\">\n\t\t\t\t\t\t\t\t<div class=\"elementor-text-editor elementor-clearfix\">\n\t\t\t\t<h5>During one of our journeys, we came up with the idea of creating a Polish clothing brand with a casual style, incorporating elements of club and festival fashion. Our designs are unconventional yet simple.<\/h5>\t\t\t\t\t<\/div>\n\t\t\t\t\t\t<\/div>\n\t\t\t\t<\/div>\n\t\t\t\t<div class=\"elementor-element elementor-element-8f0c326 elementor-widget elementor-widget-text-editor\" data-id=\"8f0c326\" data-element_type=\"widget\" data-widget_type=\"text-editor.default\">\n\t\t\t\t<div class=\"elementor-widget-container\">\n\t\t\t\t\t\t\t\t<div class=\"elementor-text-editor elementor-clearfix\">\n\t\t\t\t<h5>It's very likely that we have crossed paths before, and if we haven't yet, we invite you to join our circle <img decoding=\"async\" class=\"emoji\" role=\"img\" draggable=\"false\" src=\"https:\/\/s.w.org\/images\/core\/emoji\/13.1.0\/svg\/1f60a.svg\" alt=\"\ud83d\ude0a\" \/><\/h5><p>#orbcommunity #orbcircle #orbwear<\/p>\t\t\t\t\t<\/div>\n\t\t\t\t\t\t<\/div>\n\t\t\t\t<\/div>\n\t\t\t\t\t\t<\/div>\n\t\t\t\t\t<\/div>\n\t\t<\/div>\n\t\t\t\t\t\t\t\t<\/div>\n\t\t\t\t\t<\/div>\n\t\t<\/section>\n\t\t\t\t<section class=\"elementor-section elementor-top-section elementor-element elementor-element-30d0e51 elementor-section-boxed elementor-section-height-default elementor-section-height-default\" data-id=\"30d0e51\" data-element_type=\"section\">\n\t\t\t\t\t\t<div class=\"elementor-container elementor-column-gap-default\">\n\t\t\t\t\t\t\t<div class=\"elementor-row\">\n\t\t\t\t\t<div class=\"elementor-column elementor-col-100 elementor-top-column elementor-element elementor-element-eeeb977\" data-id=\"eeeb977\" data-element_type=\"column\">\n\t\t\t<div class=\"elementor-column-wrap elementor-element-populated\">\n\t\t\t\t\t\t\t<div class=\"elementor-widget-wrap\">\n\t\t\t\t\t\t<div class=\"elementor-element elementor-element-12485f9 elementor-widget elementor-widget-heading\" data-id=\"12485f9\" data-element_type=\"widget\" data-widget_type=\"heading.default\">\n\t\t\t\t<div class=\"elementor-widget-container\">\n\t\t\t<h2 class=\"elementor-heading-title elementor-size-default\">Stay up to date with us on our social media channels.<\/h2>\t\t<\/div>\n\t\t\t\t<\/div>\n\t\t\t\t<div class=\"elementor-element elementor-element-c8531cf elementor-shape-rounded elementor-grid-0 e-grid-align-center elementor-widget elementor-widget-social-icons\" data-id=\"c8531cf\" data-element_type=\"widget\" data-widget_type=\"social-icons.default\">\n\t\t\t\t<div class=\"elementor-widget-container\">\n\t\t\t\t\t<div class=\"elementor-social-icons-wrapper elementor-grid\">\n\t\t\t\t\t\t\t<span class=\"elementor-grid-item\">\n\t\t\t\t\t<a class=\"elementor-icon elementor-social-icon elementor-social-icon-facebook elementor-repeater-item-22d967e\" href=\"https:\/\/www.facebook.com\/orbwear\" target=\"_blank\">\n\t\t\t\t\t\t<span class=\"elementor-screen-only\">Facebook<\/span>\n\t\t\t\t\t\t<i class=\"fab fa-facebook\"><\/i>\t\t\t\t\t<\/a>\n\t\t\t\t<\/span>\n\t\t\t\t\t\t\t<span class=\"elementor-grid-item\">\n\t\t\t\t\t<a class=\"elementor-icon elementor-social-icon elementor-social-icon-instagram elementor-repeater-item-7749093\" href=\"https:\/\/www.instagram.com\/orb.wear\/\" target=\"_blank\">\n\t\t\t\t\t\t<span class=\"elementor-screen-only\">Instagram<\/span>\n\t\t\t\t\t\t<i class=\"fab fa-instagram\"><\/i>\t\t\t\t\t<\/a>\n\t\t\t\t<\/span>\n\t\t\t\t\t<\/div>\n\t\t\t\t<\/div>\n\t\t\t\t<\/div>\n\t\t\t\t\t\t<\/div>\n\t\t\t\t\t<\/div>\n\t\t<\/div>\n\t\t\t\t\t\t\t\t<\/div>\n\t\t\t\t\t<\/div>\n\t\t<\/section>\n\t\t\t\t\t\t<\/div>\n\t\t\t\t\t\t<\/div>\n\t\t\t\t\t<\/div>","protected":false},"excerpt":{"rendered":"<p>ORB \u2013\u00a0 polska marka odzie\u017cowa symbolizuj\u0105ca kule dobrej energii, przewodnika czy tez stra\u017cnika wsp\u00f3lnoty.\u00a0 Orb to\u00a0 r\u00f3wnie\u017c magentowa kropka pojawiaj\u0105ca si\u0119 w spos\u00f3b nieprzewidywalny. Czym ORB jest dla Nas? To kr\u0105g znajomych cechuj\u0105cych si\u0119 podobnymi pasjami i zainteresowaniami, kt\u00f3rzy wsp\u00f3lnie przemierzaj\u0105 najwa\u017cniejsze sceny muzyki techno w Europie jak i poza ni\u0105. Podczas jednych z naszych &hellip;<\/p>\n<p class=\"read-more\"> <a class=\"\" href=\"https:\/\/orbwear.pl\/en\/o-nas\/\"> <span class=\"screen-reader-text\">About Us<\/span> Read More &raquo;<\/a><\/p>","protected":false},"author":1,"featured_media":0,"parent":0,"menu_order":0,"comment_status":"closed","ping_status":"closed","template":"elementor_header_footer","meta":{"footnotes":""},"class_list":["post-301","page","type-page","status-publish","hentry"],"yoast_head":"<!-- This site is optimized with the Yoast SEO plugin v20.5 - https:\/\/yoast.com\/wordpress\/plugins\/seo\/ -->\n<title>Marka odzie\u017cowa ORB - Jak to si\u0119 zacz\u0119\u0142o<\/title>\n<meta name=\"description\" content=\"Pomys\u0142 to stworzenie polskiej marki odzie\u017cowej. W stylu casualowym z elementami stylu klubowego jak i festiwalowego. Do\u0142\u0105cz do naszego kr\u0119gu.\" \/>\n<meta name=\"robots\" content=\"index, follow, max-snippet:-1, max-image-preview:large, max-video-preview:-1\" \/>\n<link rel=\"canonical\" href=\"https:\/\/orbwear.pl\/en\/o-nas\/\" \/>\n<meta property=\"og:locale\" content=\"en_GB\" \/>\n<meta property=\"og:type\" content=\"article\" \/>\n<meta property=\"og:title\" content=\"Marka odzie\u017cowa ORB - Jak to si\u0119 zacz\u0119\u0142o\" \/>\n<meta property=\"og:description\" content=\"Pomys\u0142 to stworzenie polskiej marki odzie\u017cowej. W stylu casualowym z elementami stylu klubowego jak i festiwalowego. Do\u0142\u0105cz do naszego kr\u0119gu.\" \/>\n<meta property=\"og:url\" content=\"https:\/\/orbwear.pl\/en\/o-nas\/\" \/>\n<meta property=\"og:site_name\" content=\"ORB\" \/>\n<meta property=\"article:publisher\" content=\"https:\/\/www.facebook.com\/orbwear\" \/>\n<meta property=\"article:modified_time\" content=\"2022-06-14T12:04:13+00:00\" \/>\n<meta property=\"og:image\" content=\"https:\/\/s.w.org\/images\/core\/emoji\/13.1.0\/svg\/1f60a.svg\" \/>\n<meta name=\"twitter:card\" content=\"summary_large_image\" \/>\n<meta name=\"twitter:label1\" content=\"Estimated reading time\" \/>\n\t<meta name=\"twitter:data1\" content=\"1 minute\" \/>\n<script type=\"application\/ld+json\" class=\"yoast-schema-graph\">{\"@context\":\"https:\/\/schema.org\",\"@graph\":[{\"@type\":\"WebPage\",\"@id\":\"https:\/\/orbwear.pl\/o-nas\/\",\"url\":\"https:\/\/orbwear.pl\/o-nas\/\",\"name\":\"Marka odzie\u017cowa ORB - Jak to si\u0119 zacz\u0119\u0142o\",\"isPartOf\":{\"@id\":\"https:\/\/orbwear.pl\/#website\"},\"datePublished\":\"2021-09-13T13:00:54+00:00\",\"dateModified\":\"2022-06-14T12:04:13+00:00\",\"description\":\"Pomys\u0142 to stworzenie polskiej marki odzie\u017cowej. W stylu casualowym z elementami stylu klubowego jak i festiwalowego. Do\u0142\u0105cz do naszego kr\u0119gu.\",\"breadcrumb\":{\"@id\":\"https:\/\/orbwear.pl\/o-nas\/#breadcrumb\"},\"inLanguage\":\"en-GB\",\"potentialAction\":[{\"@type\":\"ReadAction\",\"target\":[\"https:\/\/orbwear.pl\/o-nas\/\"]}]},{\"@type\":\"BreadcrumbList\",\"@id\":\"https:\/\/orbwear.pl\/o-nas\/#breadcrumb\",\"itemListElement\":[{\"@type\":\"ListItem\",\"position\":1,\"name\":\"Strona g\u0142\u00f3wna\",\"item\":\"https:\/\/orbwear.pl\/\"},{\"@type\":\"ListItem\",\"position\":2,\"name\":\"O nas\"}]},{\"@type\":\"WebSite\",\"@id\":\"https:\/\/orbwear.pl\/#website\",\"url\":\"https:\/\/orbwear.pl\/\",\"name\":\"ORB\",\"description\":\"Marka odziezowa stworzona ze wspolnych pasji\",\"publisher\":{\"@id\":\"https:\/\/orbwear.pl\/#organization\"},\"potentialAction\":[{\"@type\":\"SearchAction\",\"target\":{\"@type\":\"EntryPoint\",\"urlTemplate\":\"https:\/\/orbwear.pl\/?s={search_term_string}\"},\"query-input\":\"required name=search_term_string\"}],\"inLanguage\":\"en-GB\"},{\"@type\":\"Organization\",\"@id\":\"https:\/\/orbwear.pl\/#organization\",\"name\":\"ORB\",\"url\":\"https:\/\/orbwear.pl\/\",\"logo\":{\"@type\":\"ImageObject\",\"inLanguage\":\"en-GB\",\"@id\":\"https:\/\/orbwear.pl\/#\/schema\/logo\/image\/\",\"url\":\"https:\/\/orbwear.pl\/wp-content\/uploads\/2021\/08\/logo-orb.png\",\"contentUrl\":\"https:\/\/orbwear.pl\/wp-content\/uploads\/2021\/08\/logo-orb.png\",\"width\":438,\"height\":151,\"caption\":\"ORB\"},\"image\":{\"@id\":\"https:\/\/orbwear.pl\/#\/schema\/logo\/image\/\"},\"sameAs\":[\"https:\/\/www.facebook.com\/orbwear\",\"https:\/\/instagram.com\/orb.wear\"]}]}<\/script>\n<!-- \/ Yoast SEO plugin. -->","yoast_head_json":{"title":"Marka odzie\u017cowa ORB - Jak to si\u0119 zacz\u0119\u0142o","description":"Pomys\u0142 to stworzenie polskiej marki odzie\u017cowej. W stylu casualowym z elementami stylu klubowego jak i festiwalowego. Do\u0142\u0105cz do naszego kr\u0119gu.","robots":{"index":"index","follow":"follow","max-snippet":"max-snippet:-1","max-image-preview":"max-image-preview:large","max-video-preview":"max-video-preview:-1"},"canonical":"https:\/\/orbwear.pl\/en\/o-nas\/","og_locale":"en_GB","og_type":"article","og_title":"Marka odzie\u017cowa ORB - Jak to si\u0119 zacz\u0119\u0142o","og_description":"Pomys\u0142 to stworzenie polskiej marki odzie\u017cowej. W stylu casualowym z elementami stylu klubowego jak i festiwalowego. Do\u0142\u0105cz do naszego kr\u0119gu.","og_url":"https:\/\/orbwear.pl\/en\/o-nas\/","og_site_name":"ORB","article_publisher":"https:\/\/www.facebook.com\/orbwear","article_modified_time":"2022-06-14T12:04:13+00:00","og_image":[{"url":"https:\/\/s.w.org\/images\/core\/emoji\/13.1.0\/svg\/1f60a.svg"}],"twitter_card":"summary_large_image","twitter_misc":{"Estimated reading time":"1 minute"},"schema":{"@context":"https:\/\/schema.org","@graph":[{"@type":"WebPage","@id":"https:\/\/orbwear.pl\/o-nas\/","url":"https:\/\/orbwear.pl\/o-nas\/","name":"Marka odzie\u017cowa ORB - Jak to si\u0119 zacz\u0119\u0142o","isPartOf":{"@id":"https:\/\/orbwear.pl\/#website"},"datePublished":"2021-09-13T13:00:54+00:00","dateModified":"2022-06-14T12:04:13+00:00","description":"Pomys\u0142 to stworzenie polskiej marki odzie\u017cowej. W stylu casualowym z elementami stylu klubowego jak i festiwalowego. Do\u0142\u0105cz do naszego kr\u0119gu.","breadcrumb":{"@id":"https:\/\/orbwear.pl\/o-nas\/#breadcrumb"},"inLanguage":"en-GB","potentialAction":[{"@type":"ReadAction","target":["https:\/\/orbwear.pl\/o-nas\/"]}]},{"@type":"BreadcrumbList","@id":"https:\/\/orbwear.pl\/o-nas\/#breadcrumb","itemListElement":[{"@type":"ListItem","position":1,"name":"Strona g\u0142\u00f3wna","item":"https:\/\/orbwear.pl\/"},{"@type":"ListItem","position":2,"name":"O nas"}]},{"@type":"WebSite","@id":"https:\/\/orbwear.pl\/#website","url":"https:\/\/orbwear.pl\/","name":"ORB","description":"Marka odziezowa stworzona ze wspolnych pasji","publisher":{"@id":"https:\/\/orbwear.pl\/#organization"},"potentialAction":[{"@type":"SearchAction","target":{"@type":"EntryPoint","urlTemplate":"https:\/\/orbwear.pl\/?s={search_term_string}"},"query-input":"required name=search_term_string"}],"inLanguage":"en-GB"},{"@type":"Organization","@id":"https:\/\/orbwear.pl\/#organization","name":"ORB","url":"https:\/\/orbwear.pl\/","logo":{"@type":"ImageObject","inLanguage":"en-GB","@id":"https:\/\/orbwear.pl\/#\/schema\/logo\/image\/","url":"https:\/\/orbwear.pl\/wp-content\/uploads\/2021\/08\/logo-orb.png","contentUrl":"https:\/\/orbwear.pl\/wp-content\/uploads\/2021\/08\/logo-orb.png","width":438,"height":151,"caption":"ORB"},"image":{"@id":"https:\/\/orbwear.pl\/#\/schema\/logo\/image\/"},"sameAs":["https:\/\/www.facebook.com\/orbwear","https:\/\/instagram.com\/orb.wear"]}]}},"_links":{"self":[{"href":"https:\/\/orbwear.pl\/en\/wp-json\/wp\/v2\/pages\/301","targetHints":{"allow":["GET"]}}],"collection":[{"href":"https:\/\/orbwear.pl\/en\/wp-json\/wp\/v2\/pages"}],"about":[{"href":"https:\/\/orbwear.pl\/en\/wp-json\/wp\/v2\/types\/page"}],"author":[{"embeddable":true,"href":"https:\/\/orbwear.pl\/en\/wp-json\/wp\/v2\/users\/1"}],"replies":[{"embeddable":true,"href":"https:\/\/orbwear.pl\/en\/wp-json\/wp\/v2\/comments?post=301"}],"version-history":[{"count":77,"href":"https:\/\/orbwear.pl\/en\/wp-json\/wp\/v2\/pages\/301\/revisions"}],"predecessor-version":[{"id":1016,"href":"https:\/\/orbwear.pl\/en\/wp-json\/wp\/v2\/pages\/301\/revisions\/1016"}],"wp:attachment":[{"href":"https:\/\/orbwear.pl\/en\/wp-json\/wp\/v2\/media?parent=301"}],"curies":[{"name":"wp","href":"https:\/\/api.w.org\/{rel}","templated":true}]}}