{"id":1045,"date":"2022-07-12T21:29:44","date_gmt":"2022-07-12T19:29:44","guid":{"rendered":"https:\/\/orbwear.pl\/?post_type=product&#038;p=1045"},"modified":"2025-04-26T15:47:00","modified_gmt":"2025-04-26T13:47:00","slug":"t-shirt-krag-taneczny","status":"publish","type":"product","link":"https:\/\/orbwear.pl\/en\/product\/t-shirt-krag-taneczny\/","title":{"rendered":"T-shirt Dance Circle"},"content":{"rendered":"<p><span class=\"d2edcug0 hpfvmrgz qv66sw1b c1et5uql lr9zc1uh a8c37x1j fe6kdd0r mau55g9w c8b282yb keod5gw0 nxhoafnm aigsh9s9 d3f4x2em iv3no6db jq4qci2q a3bd9o3v b1v8xokw oo9gr5id\" dir=\"auto\">Dance Circle Dj T-shirt<br \/>\n100% finest quality cotton with a weight of 210g<br \/>\nMade in Poland<\/span><\/p>","protected":false},"excerpt":{"rendered":"<p>T-shirt Kr\u0105g Taneczny. 100% najlepszej jako\u015bci bawe\u0142na o gramaturze 210g. Wyprodukowano w Polsce.<\/p>","protected":false},"featured_media":1051,"comment_status":"open","ping_status":"closed","template":"","meta":[],"product_cat":[16],"product_tag":[57,58,59],"class_list":["post-1045","product","type-product","status-publish","has-post-thumbnail","hentry","product_cat-koszulki","product_tag-krag-taneczny","product_tag-rave","product_tag-techno"],"yoast_head":"<!-- This site is optimized with the Yoast SEO plugin v20.5 - https:\/\/yoast.com\/wordpress\/plugins\/seo\/ -->\n<title>T-shirt Kr\u0105g Taneczny - ORB<\/title>\n<meta name=\"robots\" content=\"index, follow, max-snippet:-1, max-image-preview:large, max-video-preview:-1\" \/>\n<link rel=\"canonical\" href=\"https:\/\/orbwear.pl\/en\/product\/t-shirt-krag-taneczny\/\" \/>\n<meta property=\"og:locale\" content=\"en_GB\" \/>\n<meta property=\"og:type\" content=\"article\" \/>\n<meta property=\"og:title\" content=\"T-shirt Kr\u0105g Taneczny - ORB\" \/>\n<meta property=\"og:description\" content=\"T-shirt Kr\u0105g Taneczny. 100% najlepszej jako\u015bci bawe\u0142na o gramaturze 210g. Wyprodukowano w Polsce.\" \/>\n<meta property=\"og:url\" content=\"https:\/\/orbwear.pl\/en\/product\/t-shirt-krag-taneczny\/\" \/>\n<meta property=\"og:site_name\" content=\"ORB\" \/>\n<meta property=\"article:publisher\" content=\"https:\/\/www.facebook.com\/orbwear\" \/>\n<meta property=\"article:modified_time\" content=\"2025-04-26T13:47:00+00:00\" \/>\n<meta property=\"og:image\" content=\"https:\/\/orbwear.pl\/wp-content\/uploads\/2022\/07\/Z25A9090-scaled.jpg\" \/>\n\t<meta property=\"og:image:width\" content=\"2560\" \/>\n\t<meta property=\"og:image:height\" content=\"1707\" \/>\n\t<meta property=\"og:image:type\" content=\"image\/jpeg\" \/>\n<meta name=\"twitter:card\" content=\"summary_large_image\" \/>\n<meta name=\"twitter:label1\" content=\"Estimated reading time\" \/>\n\t<meta name=\"twitter:data1\" content=\"1 minute\" \/>\n<script type=\"application\/ld+json\" class=\"yoast-schema-graph\">{\"@context\":\"https:\/\/schema.org\",\"@graph\":[{\"@type\":\"WebPage\",\"@id\":\"https:\/\/orbwear.pl\/produkt\/t-shirt-krag-taneczny\/\",\"url\":\"https:\/\/orbwear.pl\/produkt\/t-shirt-krag-taneczny\/\",\"name\":\"T-shirt Kr\u0105g Taneczny - ORB\",\"isPartOf\":{\"@id\":\"https:\/\/orbwear.pl\/#website\"},\"datePublished\":\"2022-07-12T19:29:44+00:00\",\"dateModified\":\"2025-04-26T13:47:00+00:00\",\"breadcrumb\":{\"@id\":\"https:\/\/orbwear.pl\/produkt\/t-shirt-krag-taneczny\/#breadcrumb\"},\"inLanguage\":\"en-GB\",\"potentialAction\":[{\"@type\":\"ReadAction\",\"target\":[\"https:\/\/orbwear.pl\/produkt\/t-shirt-krag-taneczny\/\"]}]},{\"@type\":\"BreadcrumbList\",\"@id\":\"https:\/\/orbwear.pl\/produkt\/t-shirt-krag-taneczny\/#breadcrumb\",\"itemListElement\":[{\"@type\":\"ListItem\",\"position\":1,\"name\":\"Strona g\u0142\u00f3wna\",\"item\":\"https:\/\/orbwear.pl\/\"},{\"@type\":\"ListItem\",\"position\":2,\"name\":\"Sklep\",\"item\":\"https:\/\/orbwear.pl\/sklep\/\"},{\"@type\":\"ListItem\",\"position\":3,\"name\":\"T-shirt Kr\u0105g Taneczny\"}]},{\"@type\":\"WebSite\",\"@id\":\"https:\/\/orbwear.pl\/#website\",\"url\":\"https:\/\/orbwear.pl\/\",\"name\":\"ORB\",\"description\":\"Marka odziezowa stworzona ze wspolnych pasji\",\"publisher\":{\"@id\":\"https:\/\/orbwear.pl\/#organization\"},\"potentialAction\":[{\"@type\":\"SearchAction\",\"target\":{\"@type\":\"EntryPoint\",\"urlTemplate\":\"https:\/\/orbwear.pl\/?s={search_term_string}\"},\"query-input\":\"required name=search_term_string\"}],\"inLanguage\":\"en-GB\"},{\"@type\":\"Organization\",\"@id\":\"https:\/\/orbwear.pl\/#organization\",\"name\":\"ORB\",\"url\":\"https:\/\/orbwear.pl\/\",\"logo\":{\"@type\":\"ImageObject\",\"inLanguage\":\"en-GB\",\"@id\":\"https:\/\/orbwear.pl\/#\/schema\/logo\/image\/\",\"url\":\"https:\/\/orbwear.pl\/wp-content\/uploads\/2021\/08\/logo-orb.png\",\"contentUrl\":\"https:\/\/orbwear.pl\/wp-content\/uploads\/2021\/08\/logo-orb.png\",\"width\":438,\"height\":151,\"caption\":\"ORB\"},\"image\":{\"@id\":\"https:\/\/orbwear.pl\/#\/schema\/logo\/image\/\"},\"sameAs\":[\"https:\/\/www.facebook.com\/orbwear\",\"https:\/\/instagram.com\/orb.wear\"]}]}<\/script>\n<!-- \/ Yoast SEO plugin. -->","yoast_head_json":{"title":"T-shirt Kr\u0105g Taneczny - ORB","robots":{"index":"index","follow":"follow","max-snippet":"max-snippet:-1","max-image-preview":"max-image-preview:large","max-video-preview":"max-video-preview:-1"},"canonical":"https:\/\/orbwear.pl\/en\/product\/t-shirt-krag-taneczny\/","og_locale":"en_GB","og_type":"article","og_title":"T-shirt Kr\u0105g Taneczny - ORB","og_description":"T-shirt Kr\u0105g Taneczny. 100% najlepszej jako\u015bci bawe\u0142na o gramaturze 210g. Wyprodukowano w Polsce.","og_url":"https:\/\/orbwear.pl\/en\/product\/t-shirt-krag-taneczny\/","og_site_name":"ORB","article_publisher":"https:\/\/www.facebook.com\/orbwear","article_modified_time":"2025-04-26T13:47:00+00:00","og_image":[{"width":2560,"height":1707,"url":"https:\/\/orbwear.pl\/wp-content\/uploads\/2022\/07\/Z25A9090-scaled.jpg","type":"image\/jpeg"}],"twitter_card":"summary_large_image","twitter_misc":{"Estimated reading time":"1 minute"},"schema":{"@context":"https:\/\/schema.org","@graph":[{"@type":"WebPage","@id":"https:\/\/orbwear.pl\/produkt\/t-shirt-krag-taneczny\/","url":"https:\/\/orbwear.pl\/produkt\/t-shirt-krag-taneczny\/","name":"T-shirt Kr\u0105g Taneczny - ORB","isPartOf":{"@id":"https:\/\/orbwear.pl\/#website"},"datePublished":"2022-07-12T19:29:44+00:00","dateModified":"2025-04-26T13:47:00+00:00","breadcrumb":{"@id":"https:\/\/orbwear.pl\/produkt\/t-shirt-krag-taneczny\/#breadcrumb"},"inLanguage":"en-GB","potentialAction":[{"@type":"ReadAction","target":["https:\/\/orbwear.pl\/produkt\/t-shirt-krag-taneczny\/"]}]},{"@type":"BreadcrumbList","@id":"https:\/\/orbwear.pl\/produkt\/t-shirt-krag-taneczny\/#breadcrumb","itemListElement":[{"@type":"ListItem","position":1,"name":"Strona g\u0142\u00f3wna","item":"https:\/\/orbwear.pl\/"},{"@type":"ListItem","position":2,"name":"Sklep","item":"https:\/\/orbwear.pl\/sklep\/"},{"@type":"ListItem","position":3,"name":"T-shirt Kr\u0105g Taneczny"}]},{"@type":"WebSite","@id":"https:\/\/orbwear.pl\/#website","url":"https:\/\/orbwear.pl\/","name":"ORB","description":"Marka odziezowa stworzona ze wspolnych pasji","publisher":{"@id":"https:\/\/orbwear.pl\/#organization"},"potentialAction":[{"@type":"SearchAction","target":{"@type":"EntryPoint","urlTemplate":"https:\/\/orbwear.pl\/?s={search_term_string}"},"query-input":"required name=search_term_string"}],"inLanguage":"en-GB"},{"@type":"Organization","@id":"https:\/\/orbwear.pl\/#organization","name":"ORB","url":"https:\/\/orbwear.pl\/","logo":{"@type":"ImageObject","inLanguage":"en-GB","@id":"https:\/\/orbwear.pl\/#\/schema\/logo\/image\/","url":"https:\/\/orbwear.pl\/wp-content\/uploads\/2021\/08\/logo-orb.png","contentUrl":"https:\/\/orbwear.pl\/wp-content\/uploads\/2021\/08\/logo-orb.png","width":438,"height":151,"caption":"ORB"},"image":{"@id":"https:\/\/orbwear.pl\/#\/schema\/logo\/image\/"},"sameAs":["https:\/\/www.facebook.com\/orbwear","https:\/\/instagram.com\/orb.wear"]}]}},"_links":{"self":[{"href":"https:\/\/orbwear.pl\/en\/wp-json\/wp\/v2\/product\/1045","targetHints":{"allow":["GET"]}}],"collection":[{"href":"https:\/\/orbwear.pl\/en\/wp-json\/wp\/v2\/product"}],"about":[{"href":"https:\/\/orbwear.pl\/en\/wp-json\/wp\/v2\/types\/product"}],"replies":[{"embeddable":true,"href":"https:\/\/orbwear.pl\/en\/wp-json\/wp\/v2\/comments?post=1045"}],"wp:featuredmedia":[{"embeddable":true,"href":"https:\/\/orbwear.pl\/en\/wp-json\/wp\/v2\/media\/1051"}],"wp:attachment":[{"href":"https:\/\/orbwear.pl\/en\/wp-json\/wp\/v2\/media?parent=1045"}],"wp:term":[{"taxonomy":"product_cat","embeddable":true,"href":"https:\/\/orbwear.pl\/en\/wp-json\/wp\/v2\/product_cat?post=1045"},{"taxonomy":"product_tag","embeddable":true,"href":"https:\/\/orbwear.pl\/en\/wp-json\/wp\/v2\/product_tag?post=1045"}],"curies":[{"name":"wp","href":"https:\/\/api.w.org\/{rel}","templated":true}]}}