{"id":1068,"date":"2022-10-13T21:36:34","date_gmt":"2022-10-13T19:36:34","guid":{"rendered":"https:\/\/orbwear.pl\/?post_type=product&#038;p=1068"},"modified":"2025-02-08T18:40:12","modified_gmt":"2025-02-08T17:40:12","slug":"novika-2-0","status":"publish","type":"product","link":"https:\/\/orbwear.pl\/en\/product\/novika-2-0\/","title":{"rendered":"Novika 2.0"},"content":{"rendered":"<p><span class=\"d2edcug0 hpfvmrgz qv66sw1b c1et5uql lr9zc1uh a8c37x1j fe6kdd0r mau55g9w c8b282yb keod5gw0 nxhoafnm aigsh9s9 d3f4x2em iv3no6db jq4qci2q a3bd9o3v b1v8xokw oo9gr5id\" dir=\"auto\">T-shirt Novika 2.0<\/span><\/p>\n<p>Together with Katarzyna Nowicka - one of the most active representatives of the Polish club scene, known as Novika - we have created the Novika 2.0 t-shirt with a linocut design on the front, made by Dominika Suprun.<\/p>\n<p>&nbsp;<\/p>\n<p><span class=\"d2edcug0 hpfvmrgz qv66sw1b c1et5uql lr9zc1uh a8c37x1j fe6kdd0r mau55g9w c8b282yb keod5gw0 nxhoafnm aigsh9s9 d3f4x2em iv3no6db jq4qci2q a3bd9o3v b1v8xokw oo9gr5id\" dir=\"auto\">oversized fit<br \/>\n<\/span><span class=\"d2edcug0 hpfvmrgz qv66sw1b c1et5uql lr9zc1uh a8c37x1j fe6kdd0r mau55g9w c8b282yb keod5gw0 nxhoafnm aigsh9s9 d3f4x2em iv3no6db jq4qci2q a3bd9o3v b1v8xokw oo9gr5id\" dir=\"auto\">unisex<br \/>\n100% finest quality cotton with a weight of 210g<br \/>\nMade in Poland<\/span><\/p>","protected":false},"excerpt":{"rendered":"<p>T-shirt Novika 2.0 Wsp\u00f3lnie z Katarzyn\u0105 Nowick\u0105 &#8211; jedn\u0105 z najbardziej aktywnych przedstawicielek polskiej sceny klubowej znan\u0105 jako Novika uszyli\u015bmy koszulk\u0119 Novika 2.0 z ok\u0142adkowym linorytem autorstwa Dominiki Suprun. &nbsp; kr\u00f3j oversize unisex 100% najlepszej jako\u015bci bawe\u0142na o gramaturze 210g. Wyprodukowano w Polsce.<\/p>","protected":false},"featured_media":1075,"comment_status":"open","ping_status":"closed","template":"","meta":[],"product_cat":[16],"product_tag":[62,60,61,17],"class_list":["post-1068","product","type-product","status-publish","has-post-thumbnail","hentry","product_cat-koszulki","product_tag-black","product_tag-novika","product_tag-oversize","product_tag-t-shirt"],"yoast_head":"<!-- This site is optimized with the Yoast SEO plugin v20.5 - https:\/\/yoast.com\/wordpress\/plugins\/seo\/ -->\n<title>Novika 2.0 - ORB<\/title>\n<meta name=\"robots\" content=\"index, follow, max-snippet:-1, max-image-preview:large, max-video-preview:-1\" \/>\n<link rel=\"canonical\" href=\"https:\/\/orbwear.pl\/en\/product\/novika-2-0\/\" \/>\n<meta property=\"og:locale\" content=\"en_GB\" \/>\n<meta property=\"og:type\" content=\"article\" \/>\n<meta property=\"og:title\" content=\"Novika 2.0 - ORB\" \/>\n<meta property=\"og:description\" content=\"T-shirt Novika 2.0 Wsp\u00f3lnie z Katarzyn\u0105 Nowick\u0105 &#8211; jedn\u0105 z najbardziej aktywnych przedstawicielek polskiej sceny klubowej znan\u0105 jako Novika uszyli\u015bmy koszulk\u0119 Novika 2.0 z ok\u0142adkowym linorytem autorstwa Dominiki Suprun. &nbsp; kr\u00f3j oversize unisex 100% najlepszej jako\u015bci bawe\u0142na o gramaturze 210g. Wyprodukowano w Polsce.\" \/>\n<meta property=\"og:url\" content=\"https:\/\/orbwear.pl\/en\/product\/novika-2-0\/\" \/>\n<meta property=\"og:site_name\" content=\"ORB\" \/>\n<meta property=\"article:publisher\" content=\"https:\/\/www.facebook.com\/orbwear\" \/>\n<meta property=\"article:modified_time\" content=\"2025-02-08T17:40:12+00:00\" \/>\n<meta property=\"og:image\" content=\"https:\/\/orbwear.pl\/wp-content\/uploads\/2022\/10\/Z25A1801-Large.jpg\" \/>\n\t<meta property=\"og:image:width\" content=\"1619\" \/>\n\t<meta property=\"og:image:height\" content=\"1080\" \/>\n\t<meta property=\"og:image:type\" content=\"image\/jpeg\" \/>\n<meta name=\"twitter:card\" content=\"summary_large_image\" \/>\n<meta name=\"twitter:label1\" content=\"Estimated reading time\" \/>\n\t<meta name=\"twitter:data1\" content=\"1 minute\" \/>\n<script type=\"application\/ld+json\" class=\"yoast-schema-graph\">{\"@context\":\"https:\/\/schema.org\",\"@graph\":[{\"@type\":\"WebPage\",\"@id\":\"https:\/\/orbwear.pl\/produkt\/novika-2-0\/\",\"url\":\"https:\/\/orbwear.pl\/produkt\/novika-2-0\/\",\"name\":\"Novika 2.0 - ORB\",\"isPartOf\":{\"@id\":\"https:\/\/orbwear.pl\/#website\"},\"datePublished\":\"2022-10-13T19:36:34+00:00\",\"dateModified\":\"2025-02-08T17:40:12+00:00\",\"breadcrumb\":{\"@id\":\"https:\/\/orbwear.pl\/produkt\/novika-2-0\/#breadcrumb\"},\"inLanguage\":\"en-GB\",\"potentialAction\":[{\"@type\":\"ReadAction\",\"target\":[\"https:\/\/orbwear.pl\/produkt\/novika-2-0\/\"]}]},{\"@type\":\"BreadcrumbList\",\"@id\":\"https:\/\/orbwear.pl\/produkt\/novika-2-0\/#breadcrumb\",\"itemListElement\":[{\"@type\":\"ListItem\",\"position\":1,\"name\":\"Strona g\u0142\u00f3wna\",\"item\":\"https:\/\/orbwear.pl\/\"},{\"@type\":\"ListItem\",\"position\":2,\"name\":\"Sklep\",\"item\":\"https:\/\/orbwear.pl\/sklep\/\"},{\"@type\":\"ListItem\",\"position\":3,\"name\":\"Novika 2.0\"}]},{\"@type\":\"WebSite\",\"@id\":\"https:\/\/orbwear.pl\/#website\",\"url\":\"https:\/\/orbwear.pl\/\",\"name\":\"ORB\",\"description\":\"Marka odziezowa stworzona ze wspolnych pasji\",\"publisher\":{\"@id\":\"https:\/\/orbwear.pl\/#organization\"},\"potentialAction\":[{\"@type\":\"SearchAction\",\"target\":{\"@type\":\"EntryPoint\",\"urlTemplate\":\"https:\/\/orbwear.pl\/?s={search_term_string}\"},\"query-input\":\"required name=search_term_string\"}],\"inLanguage\":\"en-GB\"},{\"@type\":\"Organization\",\"@id\":\"https:\/\/orbwear.pl\/#organization\",\"name\":\"ORB\",\"url\":\"https:\/\/orbwear.pl\/\",\"logo\":{\"@type\":\"ImageObject\",\"inLanguage\":\"en-GB\",\"@id\":\"https:\/\/orbwear.pl\/#\/schema\/logo\/image\/\",\"url\":\"https:\/\/orbwear.pl\/wp-content\/uploads\/2021\/08\/logo-orb.png\",\"contentUrl\":\"https:\/\/orbwear.pl\/wp-content\/uploads\/2021\/08\/logo-orb.png\",\"width\":438,\"height\":151,\"caption\":\"ORB\"},\"image\":{\"@id\":\"https:\/\/orbwear.pl\/#\/schema\/logo\/image\/\"},\"sameAs\":[\"https:\/\/www.facebook.com\/orbwear\",\"https:\/\/instagram.com\/orb.wear\"]}]}<\/script>\n<!-- \/ Yoast SEO plugin. -->","yoast_head_json":{"title":"Novika 2.0 - ORB","robots":{"index":"index","follow":"follow","max-snippet":"max-snippet:-1","max-image-preview":"max-image-preview:large","max-video-preview":"max-video-preview:-1"},"canonical":"https:\/\/orbwear.pl\/en\/product\/novika-2-0\/","og_locale":"en_GB","og_type":"article","og_title":"Novika 2.0 - ORB","og_description":"T-shirt Novika 2.0 Wsp\u00f3lnie z Katarzyn\u0105 Nowick\u0105 &#8211; jedn\u0105 z najbardziej aktywnych przedstawicielek polskiej sceny klubowej znan\u0105 jako Novika uszyli\u015bmy koszulk\u0119 Novika 2.0 z ok\u0142adkowym linorytem autorstwa Dominiki Suprun. &nbsp; kr\u00f3j oversize unisex 100% najlepszej jako\u015bci bawe\u0142na o gramaturze 210g. Wyprodukowano w Polsce.","og_url":"https:\/\/orbwear.pl\/en\/product\/novika-2-0\/","og_site_name":"ORB","article_publisher":"https:\/\/www.facebook.com\/orbwear","article_modified_time":"2025-02-08T17:40:12+00:00","og_image":[{"width":1619,"height":1080,"url":"https:\/\/orbwear.pl\/wp-content\/uploads\/2022\/10\/Z25A1801-Large.jpg","type":"image\/jpeg"}],"twitter_card":"summary_large_image","twitter_misc":{"Estimated reading time":"1 minute"},"schema":{"@context":"https:\/\/schema.org","@graph":[{"@type":"WebPage","@id":"https:\/\/orbwear.pl\/produkt\/novika-2-0\/","url":"https:\/\/orbwear.pl\/produkt\/novika-2-0\/","name":"Novika 2.0 - ORB","isPartOf":{"@id":"https:\/\/orbwear.pl\/#website"},"datePublished":"2022-10-13T19:36:34+00:00","dateModified":"2025-02-08T17:40:12+00:00","breadcrumb":{"@id":"https:\/\/orbwear.pl\/produkt\/novika-2-0\/#breadcrumb"},"inLanguage":"en-GB","potentialAction":[{"@type":"ReadAction","target":["https:\/\/orbwear.pl\/produkt\/novika-2-0\/"]}]},{"@type":"BreadcrumbList","@id":"https:\/\/orbwear.pl\/produkt\/novika-2-0\/#breadcrumb","itemListElement":[{"@type":"ListItem","position":1,"name":"Strona g\u0142\u00f3wna","item":"https:\/\/orbwear.pl\/"},{"@type":"ListItem","position":2,"name":"Sklep","item":"https:\/\/orbwear.pl\/sklep\/"},{"@type":"ListItem","position":3,"name":"Novika 2.0"}]},{"@type":"WebSite","@id":"https:\/\/orbwear.pl\/#website","url":"https:\/\/orbwear.pl\/","name":"ORB","description":"Marka odziezowa stworzona ze wspolnych pasji","publisher":{"@id":"https:\/\/orbwear.pl\/#organization"},"potentialAction":[{"@type":"SearchAction","target":{"@type":"EntryPoint","urlTemplate":"https:\/\/orbwear.pl\/?s={search_term_string}"},"query-input":"required name=search_term_string"}],"inLanguage":"en-GB"},{"@type":"Organization","@id":"https:\/\/orbwear.pl\/#organization","name":"ORB","url":"https:\/\/orbwear.pl\/","logo":{"@type":"ImageObject","inLanguage":"en-GB","@id":"https:\/\/orbwear.pl\/#\/schema\/logo\/image\/","url":"https:\/\/orbwear.pl\/wp-content\/uploads\/2021\/08\/logo-orb.png","contentUrl":"https:\/\/orbwear.pl\/wp-content\/uploads\/2021\/08\/logo-orb.png","width":438,"height":151,"caption":"ORB"},"image":{"@id":"https:\/\/orbwear.pl\/#\/schema\/logo\/image\/"},"sameAs":["https:\/\/www.facebook.com\/orbwear","https:\/\/instagram.com\/orb.wear"]}]}},"_links":{"self":[{"href":"https:\/\/orbwear.pl\/en\/wp-json\/wp\/v2\/product\/1068","targetHints":{"allow":["GET"]}}],"collection":[{"href":"https:\/\/orbwear.pl\/en\/wp-json\/wp\/v2\/product"}],"about":[{"href":"https:\/\/orbwear.pl\/en\/wp-json\/wp\/v2\/types\/product"}],"replies":[{"embeddable":true,"href":"https:\/\/orbwear.pl\/en\/wp-json\/wp\/v2\/comments?post=1068"}],"wp:featuredmedia":[{"embeddable":true,"href":"https:\/\/orbwear.pl\/en\/wp-json\/wp\/v2\/media\/1075"}],"wp:attachment":[{"href":"https:\/\/orbwear.pl\/en\/wp-json\/wp\/v2\/media?parent=1068"}],"wp:term":[{"taxonomy":"product_cat","embeddable":true,"href":"https:\/\/orbwear.pl\/en\/wp-json\/wp\/v2\/product_cat?post=1068"},{"taxonomy":"product_tag","embeddable":true,"href":"https:\/\/orbwear.pl\/en\/wp-json\/wp\/v2\/product_tag?post=1068"}],"curies":[{"name":"wp","href":"https:\/\/api.w.org\/{rel}","templated":true}]}}