{"id":1202,"date":"2024-09-24T22:10:27","date_gmt":"2024-09-24T20:10:27","guid":{"rendered":"https:\/\/orbwear.pl\/?post_type=product&#038;p=1202"},"modified":"2025-04-29T19:56:56","modified_gmt":"2025-04-29T17:56:56","slug":"raveshade-cap","status":"publish","type":"product","link":"https:\/\/orbwear.pl\/en\/product\/raveshade-cap\/","title":{"rendered":"RaveShade Cap"},"content":{"rendered":"<p>UNISEX &#8211; Czapka z daszkiem.<\/p>\n<div class=\"JAkf7W ZkIJC- i8_8W0\">\n<div class=\"Z1Xqqm sb1S7G sKmkSN pMa0tB\">\n<div class=\"\">\n<div class=\"qMOFyE\">Materia\u0142:\u00a0100% bawe\u0142na<\/div>\n<div class=\"qMOFyE\">Struktura\/rodzaj materia\u0142u:\u00a0Denim<\/div>\n<div class=\"\">Wskaz\u00f3wki piel\u0119gnacyjne:\u00a0Nie pra\u0107<\/div>\n<div>Rozmiar uniwersalny<\/div>\n<div>Grafika: haft<\/div>\n<\/div>\n<\/div>\n<\/div>","protected":false},"excerpt":{"rendered":"<p>UNISEX &#8211; Czapka z daszkiem. Materia\u0142:\u00a0100% bawe\u0142na Struktura\/rodzaj materia\u0142u:\u00a0Denim Wskaz\u00f3wki piel\u0119gnacyjne:\u00a0Nie pra\u0107 Rozmiar uniwersalny Grafika: haft<\/p>","protected":false},"featured_media":1205,"comment_status":"open","ping_status":"closed","template":"","meta":[],"product_cat":[75,29],"product_tag":[79,80],"class_list":["post-1202","product","type-product","status-publish","has-post-thumbnail","hentry","product_cat-czapki","product_cat-nowosci","product_tag-cap","product_tag-czapka"],"yoast_head":"<!-- This site is optimized with the Yoast SEO plugin v20.5 - https:\/\/yoast.com\/wordpress\/plugins\/seo\/ -->\n<title>RaveShade Cap - ORB<\/title>\n<meta name=\"description\" content=\"Unisex Denim Cap &quot;Where is the after party?&quot; \u2013 Dla fan\u00f3w techno i rave. Stylowa czapka z daszkiem, idealna na ka\u017cd\u0105 imprez\u0119. Sprawd\u017a teraz!\" \/>\n<meta name=\"robots\" content=\"index, follow, max-snippet:-1, max-image-preview:large, max-video-preview:-1\" \/>\n<link rel=\"canonical\" href=\"https:\/\/orbwear.pl\/en\/product\/raveshade-cap\/\" \/>\n<meta property=\"og:locale\" content=\"en_GB\" \/>\n<meta property=\"og:type\" content=\"article\" \/>\n<meta property=\"og:title\" content=\"RaveShade Cap - ORB\" \/>\n<meta property=\"og:description\" content=\"Unisex Denim Cap &quot;Where is the after party?&quot; \u2013 Dla fan\u00f3w techno i rave. Stylowa czapka z daszkiem, idealna na ka\u017cd\u0105 imprez\u0119. Sprawd\u017a teraz!\" \/>\n<meta property=\"og:url\" content=\"https:\/\/orbwear.pl\/en\/product\/raveshade-cap\/\" \/>\n<meta property=\"og:site_name\" content=\"ORB\" \/>\n<meta property=\"article:publisher\" content=\"https:\/\/www.facebook.com\/orbwear\" \/>\n<meta property=\"article:modified_time\" content=\"2025-04-29T17:56:56+00:00\" \/>\n<meta property=\"og:image\" content=\"https:\/\/orbwear.pl\/wp-content\/uploads\/2024\/09\/2R3A9677ps_max-px-scaled.jpg\" \/>\n\t<meta property=\"og:image:width\" content=\"2560\" \/>\n\t<meta property=\"og:image:height\" content=\"1707\" \/>\n\t<meta property=\"og:image:type\" content=\"image\/jpeg\" \/>\n<meta name=\"twitter:card\" content=\"summary_large_image\" \/>\n<meta name=\"twitter:label1\" content=\"Estimated reading time\" \/>\n\t<meta name=\"twitter:data1\" content=\"1 minute\" \/>\n<script type=\"application\/ld+json\" class=\"yoast-schema-graph\">{\"@context\":\"https:\/\/schema.org\",\"@graph\":[{\"@type\":\"WebPage\",\"@id\":\"https:\/\/orbwear.pl\/produkt\/raveshade-cap\/\",\"url\":\"https:\/\/orbwear.pl\/produkt\/raveshade-cap\/\",\"name\":\"RaveShade Cap - ORB\",\"isPartOf\":{\"@id\":\"https:\/\/orbwear.pl\/#website\"},\"datePublished\":\"2024-09-24T20:10:27+00:00\",\"dateModified\":\"2025-04-29T17:56:56+00:00\",\"description\":\"Unisex Denim Cap \\\"Where is the after party?\\\" \u2013 Dla fan\u00f3w techno i rave. Stylowa czapka z daszkiem, idealna na ka\u017cd\u0105 imprez\u0119. Sprawd\u017a teraz!\",\"breadcrumb\":{\"@id\":\"https:\/\/orbwear.pl\/produkt\/raveshade-cap\/#breadcrumb\"},\"inLanguage\":\"en-GB\",\"potentialAction\":[{\"@type\":\"ReadAction\",\"target\":[\"https:\/\/orbwear.pl\/produkt\/raveshade-cap\/\"]}]},{\"@type\":\"BreadcrumbList\",\"@id\":\"https:\/\/orbwear.pl\/produkt\/raveshade-cap\/#breadcrumb\",\"itemListElement\":[{\"@type\":\"ListItem\",\"position\":1,\"name\":\"Strona g\u0142\u00f3wna\",\"item\":\"https:\/\/orbwear.pl\/\"},{\"@type\":\"ListItem\",\"position\":2,\"name\":\"Sklep\",\"item\":\"https:\/\/orbwear.pl\/sklep\/\"},{\"@type\":\"ListItem\",\"position\":3,\"name\":\"RaveShade Cap\"}]},{\"@type\":\"WebSite\",\"@id\":\"https:\/\/orbwear.pl\/#website\",\"url\":\"https:\/\/orbwear.pl\/\",\"name\":\"ORB\",\"description\":\"Marka odziezowa stworzona ze wspolnych pasji\",\"publisher\":{\"@id\":\"https:\/\/orbwear.pl\/#organization\"},\"potentialAction\":[{\"@type\":\"SearchAction\",\"target\":{\"@type\":\"EntryPoint\",\"urlTemplate\":\"https:\/\/orbwear.pl\/?s={search_term_string}\"},\"query-input\":\"required name=search_term_string\"}],\"inLanguage\":\"en-GB\"},{\"@type\":\"Organization\",\"@id\":\"https:\/\/orbwear.pl\/#organization\",\"name\":\"ORB\",\"url\":\"https:\/\/orbwear.pl\/\",\"logo\":{\"@type\":\"ImageObject\",\"inLanguage\":\"en-GB\",\"@id\":\"https:\/\/orbwear.pl\/#\/schema\/logo\/image\/\",\"url\":\"https:\/\/orbwear.pl\/wp-content\/uploads\/2021\/08\/logo-orb.png\",\"contentUrl\":\"https:\/\/orbwear.pl\/wp-content\/uploads\/2021\/08\/logo-orb.png\",\"width\":438,\"height\":151,\"caption\":\"ORB\"},\"image\":{\"@id\":\"https:\/\/orbwear.pl\/#\/schema\/logo\/image\/\"},\"sameAs\":[\"https:\/\/www.facebook.com\/orbwear\",\"https:\/\/instagram.com\/orb.wear\"]}]}<\/script>\n<!-- \/ Yoast SEO plugin. -->","yoast_head_json":{"title":"RaveShade Cap - ORB","description":"Unisex Denim Cap \"Where is the after party?\" \u2013 Dla fan\u00f3w techno i rave. Stylowa czapka z daszkiem, idealna na ka\u017cd\u0105 imprez\u0119. Sprawd\u017a teraz!","robots":{"index":"index","follow":"follow","max-snippet":"max-snippet:-1","max-image-preview":"max-image-preview:large","max-video-preview":"max-video-preview:-1"},"canonical":"https:\/\/orbwear.pl\/en\/product\/raveshade-cap\/","og_locale":"en_GB","og_type":"article","og_title":"RaveShade Cap - ORB","og_description":"Unisex Denim Cap \"Where is the after party?\" \u2013 Dla fan\u00f3w techno i rave. Stylowa czapka z daszkiem, idealna na ka\u017cd\u0105 imprez\u0119. Sprawd\u017a teraz!","og_url":"https:\/\/orbwear.pl\/en\/product\/raveshade-cap\/","og_site_name":"ORB","article_publisher":"https:\/\/www.facebook.com\/orbwear","article_modified_time":"2025-04-29T17:56:56+00:00","og_image":[{"width":2560,"height":1707,"url":"https:\/\/orbwear.pl\/wp-content\/uploads\/2024\/09\/2R3A9677ps_max-px-scaled.jpg","type":"image\/jpeg"}],"twitter_card":"summary_large_image","twitter_misc":{"Estimated reading time":"1 minute"},"schema":{"@context":"https:\/\/schema.org","@graph":[{"@type":"WebPage","@id":"https:\/\/orbwear.pl\/produkt\/raveshade-cap\/","url":"https:\/\/orbwear.pl\/produkt\/raveshade-cap\/","name":"RaveShade Cap - ORB","isPartOf":{"@id":"https:\/\/orbwear.pl\/#website"},"datePublished":"2024-09-24T20:10:27+00:00","dateModified":"2025-04-29T17:56:56+00:00","description":"Unisex Denim Cap \"Where is the after party?\" \u2013 Dla fan\u00f3w techno i rave. Stylowa czapka z daszkiem, idealna na ka\u017cd\u0105 imprez\u0119. Sprawd\u017a teraz!","breadcrumb":{"@id":"https:\/\/orbwear.pl\/produkt\/raveshade-cap\/#breadcrumb"},"inLanguage":"en-GB","potentialAction":[{"@type":"ReadAction","target":["https:\/\/orbwear.pl\/produkt\/raveshade-cap\/"]}]},{"@type":"BreadcrumbList","@id":"https:\/\/orbwear.pl\/produkt\/raveshade-cap\/#breadcrumb","itemListElement":[{"@type":"ListItem","position":1,"name":"Strona g\u0142\u00f3wna","item":"https:\/\/orbwear.pl\/"},{"@type":"ListItem","position":2,"name":"Sklep","item":"https:\/\/orbwear.pl\/sklep\/"},{"@type":"ListItem","position":3,"name":"RaveShade Cap"}]},{"@type":"WebSite","@id":"https:\/\/orbwear.pl\/#website","url":"https:\/\/orbwear.pl\/","name":"ORB","description":"Marka odziezowa stworzona ze wspolnych pasji","publisher":{"@id":"https:\/\/orbwear.pl\/#organization"},"potentialAction":[{"@type":"SearchAction","target":{"@type":"EntryPoint","urlTemplate":"https:\/\/orbwear.pl\/?s={search_term_string}"},"query-input":"required name=search_term_string"}],"inLanguage":"en-GB"},{"@type":"Organization","@id":"https:\/\/orbwear.pl\/#organization","name":"ORB","url":"https:\/\/orbwear.pl\/","logo":{"@type":"ImageObject","inLanguage":"en-GB","@id":"https:\/\/orbwear.pl\/#\/schema\/logo\/image\/","url":"https:\/\/orbwear.pl\/wp-content\/uploads\/2021\/08\/logo-orb.png","contentUrl":"https:\/\/orbwear.pl\/wp-content\/uploads\/2021\/08\/logo-orb.png","width":438,"height":151,"caption":"ORB"},"image":{"@id":"https:\/\/orbwear.pl\/#\/schema\/logo\/image\/"},"sameAs":["https:\/\/www.facebook.com\/orbwear","https:\/\/instagram.com\/orb.wear"]}]}},"_links":{"self":[{"href":"https:\/\/orbwear.pl\/en\/wp-json\/wp\/v2\/product\/1202","targetHints":{"allow":["GET"]}}],"collection":[{"href":"https:\/\/orbwear.pl\/en\/wp-json\/wp\/v2\/product"}],"about":[{"href":"https:\/\/orbwear.pl\/en\/wp-json\/wp\/v2\/types\/product"}],"replies":[{"embeddable":true,"href":"https:\/\/orbwear.pl\/en\/wp-json\/wp\/v2\/comments?post=1202"}],"wp:featuredmedia":[{"embeddable":true,"href":"https:\/\/orbwear.pl\/en\/wp-json\/wp\/v2\/media\/1205"}],"wp:attachment":[{"href":"https:\/\/orbwear.pl\/en\/wp-json\/wp\/v2\/media?parent=1202"}],"wp:term":[{"taxonomy":"product_cat","embeddable":true,"href":"https:\/\/orbwear.pl\/en\/wp-json\/wp\/v2\/product_cat?post=1202"},{"taxonomy":"product_tag","embeddable":true,"href":"https:\/\/orbwear.pl\/en\/wp-json\/wp\/v2\/product_tag?post=1202"}],"curies":[{"name":"wp","href":"https:\/\/api.w.org\/{rel}","templated":true}]}}