{"id":909,"date":"2022-05-14T17:34:24","date_gmt":"2022-05-14T15:34:24","guid":{"rendered":"https:\/\/orbwear.pl\/?post_type=product&#038;p=909"},"modified":"2023-02-14T14:29:23","modified_gmt":"2023-02-14T13:29:23","slug":"spodnie-dresowe","status":"publish","type":"product","link":"https:\/\/orbwear.pl\/en\/product\/spodnie-dresowe\/","title":{"rendered":"Sweatpants"},"content":{"rendered":"<p>Unisex.<br \/>\nDeep pockets. Embroidery.<br \/>\nBrushed fabric 280g<br \/>\nComposition: 90% cotton, 10% polyester<br \/>\n<span class=\"d2edcug0 hpfvmrgz qv66sw1b c1et5uql lr9zc1uh a8c37x1j fe6kdd0r mau55g9w c8b282yb keod5gw0 nxhoafnm aigsh9s9 d3f4x2em iv3no6db jq4qci2q a3bd9o3v b1v8xokw oo9gr5id\" dir=\"auto\">Every cotton knit fabric sooner or later undergoes pilling, which is the so-called fuzzing<\/span><\/p>","protected":false},"excerpt":{"rendered":"<p>Unisex. G\u0142\u0119bokie kieszenie. Haft. Dres\u00f3wka drapana 280g. Sk\u0142ad: bawe\u0142na 90%, poliester 10% Ka\u017cda dzianina bawe\u0142niana wcze\u015bniej czy p\u00f3\u017aniej ulega pillingowi, czyli tzw. mechaceniu si\u0119.<\/p>","protected":false},"featured_media":915,"comment_status":"open","ping_status":"closed","template":"","meta":[],"product_cat":[22],"product_tag":[51,55,54],"class_list":["post-909","product","type-product","status-publish","has-post-thumbnail","hentry","product_cat-spodnie","product_tag-dres","product_tag-spodnie","product_tag-spodnie-dresowe"],"yoast_head":"<!-- This site is optimized with the Yoast SEO plugin v20.5 - https:\/\/yoast.com\/wordpress\/plugins\/seo\/ -->\n<title>Spodnie dresowe - ORB<\/title>\n<meta name=\"description\" content=\"Spodnie maj\u0105 uniwersalny kr\u00f3j unisex.G\u0142\u0119bokie kieszenie. Haft.Dres\u00f3wka drapana 280g. Bardzo ciep\u0142a.Sk\u0142ad: bawe\u0142na 90%, poliester 10%Ka\u017cda dzianina bawe\u0142niana wcze\u015bniej czy p\u00f3\u017aniej ulega pillingowi, czyli tzw mechaceniu si\u0119.\" \/>\n<meta name=\"robots\" content=\"index, follow, max-snippet:-1, max-image-preview:large, max-video-preview:-1\" \/>\n<link rel=\"canonical\" href=\"https:\/\/orbwear.pl\/en\/product\/spodnie-dresowe\/\" \/>\n<meta property=\"og:locale\" content=\"en_GB\" \/>\n<meta property=\"og:type\" content=\"article\" \/>\n<meta property=\"og:title\" content=\"Spodnie dresowe - ORB\" \/>\n<meta property=\"og:description\" content=\"Spodnie maj\u0105 uniwersalny kr\u00f3j unisex.G\u0142\u0119bokie kieszenie. Haft.Dres\u00f3wka drapana 280g. Bardzo ciep\u0142a.Sk\u0142ad: bawe\u0142na 90%, poliester 10%Ka\u017cda dzianina bawe\u0142niana wcze\u015bniej czy p\u00f3\u017aniej ulega pillingowi, czyli tzw mechaceniu si\u0119.\" \/>\n<meta property=\"og:url\" content=\"https:\/\/orbwear.pl\/en\/product\/spodnie-dresowe\/\" \/>\n<meta property=\"og:site_name\" content=\"ORB\" \/>\n<meta property=\"article:publisher\" content=\"https:\/\/www.facebook.com\/orbwear\" \/>\n<meta property=\"article:modified_time\" content=\"2023-02-14T13:29:23+00:00\" \/>\n<meta property=\"og:image\" content=\"https:\/\/orbwear.pl\/wp-content\/uploads\/2022\/05\/5D3_1828-2-scaled.jpg\" \/>\n\t<meta property=\"og:image:width\" content=\"1707\" \/>\n\t<meta property=\"og:image:height\" content=\"2560\" \/>\n\t<meta property=\"og:image:type\" content=\"image\/jpeg\" \/>\n<meta name=\"twitter:card\" content=\"summary_large_image\" \/>\n<meta name=\"twitter:label1\" content=\"Estimated reading time\" \/>\n\t<meta name=\"twitter:data1\" content=\"1 minute\" \/>\n<script type=\"application\/ld+json\" class=\"yoast-schema-graph\">{\"@context\":\"https:\/\/schema.org\",\"@graph\":[{\"@type\":\"WebPage\",\"@id\":\"https:\/\/orbwear.pl\/produkt\/spodnie-dresowe\/\",\"url\":\"https:\/\/orbwear.pl\/produkt\/spodnie-dresowe\/\",\"name\":\"Spodnie dresowe - ORB\",\"isPartOf\":{\"@id\":\"https:\/\/orbwear.pl\/#website\"},\"datePublished\":\"2022-05-14T15:34:24+00:00\",\"dateModified\":\"2023-02-14T13:29:23+00:00\",\"description\":\"Spodnie maj\u0105 uniwersalny kr\u00f3j unisex.G\u0142\u0119bokie kieszenie. Haft.Dres\u00f3wka drapana 280g. Bardzo ciep\u0142a.Sk\u0142ad: bawe\u0142na 90%, poliester 10%Ka\u017cda dzianina bawe\u0142niana wcze\u015bniej czy p\u00f3\u017aniej ulega pillingowi, czyli tzw mechaceniu si\u0119.\",\"breadcrumb\":{\"@id\":\"https:\/\/orbwear.pl\/produkt\/spodnie-dresowe\/#breadcrumb\"},\"inLanguage\":\"en-GB\",\"potentialAction\":[{\"@type\":\"ReadAction\",\"target\":[\"https:\/\/orbwear.pl\/produkt\/spodnie-dresowe\/\"]}]},{\"@type\":\"BreadcrumbList\",\"@id\":\"https:\/\/orbwear.pl\/produkt\/spodnie-dresowe\/#breadcrumb\",\"itemListElement\":[{\"@type\":\"ListItem\",\"position\":1,\"name\":\"Strona g\u0142\u00f3wna\",\"item\":\"https:\/\/orbwear.pl\/\"},{\"@type\":\"ListItem\",\"position\":2,\"name\":\"Sklep\",\"item\":\"https:\/\/orbwear.pl\/sklep\/\"},{\"@type\":\"ListItem\",\"position\":3,\"name\":\"Spodnie dresowe\"}]},{\"@type\":\"WebSite\",\"@id\":\"https:\/\/orbwear.pl\/#website\",\"url\":\"https:\/\/orbwear.pl\/\",\"name\":\"ORB\",\"description\":\"Marka odziezowa stworzona ze wspolnych pasji\",\"publisher\":{\"@id\":\"https:\/\/orbwear.pl\/#organization\"},\"potentialAction\":[{\"@type\":\"SearchAction\",\"target\":{\"@type\":\"EntryPoint\",\"urlTemplate\":\"https:\/\/orbwear.pl\/?s={search_term_string}\"},\"query-input\":\"required name=search_term_string\"}],\"inLanguage\":\"en-GB\"},{\"@type\":\"Organization\",\"@id\":\"https:\/\/orbwear.pl\/#organization\",\"name\":\"ORB\",\"url\":\"https:\/\/orbwear.pl\/\",\"logo\":{\"@type\":\"ImageObject\",\"inLanguage\":\"en-GB\",\"@id\":\"https:\/\/orbwear.pl\/#\/schema\/logo\/image\/\",\"url\":\"https:\/\/orbwear.pl\/wp-content\/uploads\/2021\/08\/logo-orb.png\",\"contentUrl\":\"https:\/\/orbwear.pl\/wp-content\/uploads\/2021\/08\/logo-orb.png\",\"width\":438,\"height\":151,\"caption\":\"ORB\"},\"image\":{\"@id\":\"https:\/\/orbwear.pl\/#\/schema\/logo\/image\/\"},\"sameAs\":[\"https:\/\/www.facebook.com\/orbwear\",\"https:\/\/instagram.com\/orb.wear\"]}]}<\/script>\n<!-- \/ Yoast SEO plugin. -->","yoast_head_json":{"title":"Spodnie dresowe - ORB","description":"Spodnie maj\u0105 uniwersalny kr\u00f3j unisex.G\u0142\u0119bokie kieszenie. Haft.Dres\u00f3wka drapana 280g. Bardzo ciep\u0142a.Sk\u0142ad: bawe\u0142na 90%, poliester 10%Ka\u017cda dzianina bawe\u0142niana wcze\u015bniej czy p\u00f3\u017aniej ulega pillingowi, czyli tzw mechaceniu si\u0119.","robots":{"index":"index","follow":"follow","max-snippet":"max-snippet:-1","max-image-preview":"max-image-preview:large","max-video-preview":"max-video-preview:-1"},"canonical":"https:\/\/orbwear.pl\/en\/product\/spodnie-dresowe\/","og_locale":"en_GB","og_type":"article","og_title":"Spodnie dresowe - ORB","og_description":"Spodnie maj\u0105 uniwersalny kr\u00f3j unisex.G\u0142\u0119bokie kieszenie. Haft.Dres\u00f3wka drapana 280g. Bardzo ciep\u0142a.Sk\u0142ad: bawe\u0142na 90%, poliester 10%Ka\u017cda dzianina bawe\u0142niana wcze\u015bniej czy p\u00f3\u017aniej ulega pillingowi, czyli tzw mechaceniu si\u0119.","og_url":"https:\/\/orbwear.pl\/en\/product\/spodnie-dresowe\/","og_site_name":"ORB","article_publisher":"https:\/\/www.facebook.com\/orbwear","article_modified_time":"2023-02-14T13:29:23+00:00","og_image":[{"width":1707,"height":2560,"url":"https:\/\/orbwear.pl\/wp-content\/uploads\/2022\/05\/5D3_1828-2-scaled.jpg","type":"image\/jpeg"}],"twitter_card":"summary_large_image","twitter_misc":{"Estimated reading time":"1 minute"},"schema":{"@context":"https:\/\/schema.org","@graph":[{"@type":"WebPage","@id":"https:\/\/orbwear.pl\/produkt\/spodnie-dresowe\/","url":"https:\/\/orbwear.pl\/produkt\/spodnie-dresowe\/","name":"Spodnie dresowe - ORB","isPartOf":{"@id":"https:\/\/orbwear.pl\/#website"},"datePublished":"2022-05-14T15:34:24+00:00","dateModified":"2023-02-14T13:29:23+00:00","description":"Spodnie maj\u0105 uniwersalny kr\u00f3j unisex.G\u0142\u0119bokie kieszenie. Haft.Dres\u00f3wka drapana 280g. Bardzo ciep\u0142a.Sk\u0142ad: bawe\u0142na 90%, poliester 10%Ka\u017cda dzianina bawe\u0142niana wcze\u015bniej czy p\u00f3\u017aniej ulega pillingowi, czyli tzw mechaceniu si\u0119.","breadcrumb":{"@id":"https:\/\/orbwear.pl\/produkt\/spodnie-dresowe\/#breadcrumb"},"inLanguage":"en-GB","potentialAction":[{"@type":"ReadAction","target":["https:\/\/orbwear.pl\/produkt\/spodnie-dresowe\/"]}]},{"@type":"BreadcrumbList","@id":"https:\/\/orbwear.pl\/produkt\/spodnie-dresowe\/#breadcrumb","itemListElement":[{"@type":"ListItem","position":1,"name":"Strona g\u0142\u00f3wna","item":"https:\/\/orbwear.pl\/"},{"@type":"ListItem","position":2,"name":"Sklep","item":"https:\/\/orbwear.pl\/sklep\/"},{"@type":"ListItem","position":3,"name":"Spodnie dresowe"}]},{"@type":"WebSite","@id":"https:\/\/orbwear.pl\/#website","url":"https:\/\/orbwear.pl\/","name":"ORB","description":"Marka odziezowa stworzona ze wspolnych pasji","publisher":{"@id":"https:\/\/orbwear.pl\/#organization"},"potentialAction":[{"@type":"SearchAction","target":{"@type":"EntryPoint","urlTemplate":"https:\/\/orbwear.pl\/?s={search_term_string}"},"query-input":"required name=search_term_string"}],"inLanguage":"en-GB"},{"@type":"Organization","@id":"https:\/\/orbwear.pl\/#organization","name":"ORB","url":"https:\/\/orbwear.pl\/","logo":{"@type":"ImageObject","inLanguage":"en-GB","@id":"https:\/\/orbwear.pl\/#\/schema\/logo\/image\/","url":"https:\/\/orbwear.pl\/wp-content\/uploads\/2021\/08\/logo-orb.png","contentUrl":"https:\/\/orbwear.pl\/wp-content\/uploads\/2021\/08\/logo-orb.png","width":438,"height":151,"caption":"ORB"},"image":{"@id":"https:\/\/orbwear.pl\/#\/schema\/logo\/image\/"},"sameAs":["https:\/\/www.facebook.com\/orbwear","https:\/\/instagram.com\/orb.wear"]}]}},"_links":{"self":[{"href":"https:\/\/orbwear.pl\/en\/wp-json\/wp\/v2\/product\/909","targetHints":{"allow":["GET"]}}],"collection":[{"href":"https:\/\/orbwear.pl\/en\/wp-json\/wp\/v2\/product"}],"about":[{"href":"https:\/\/orbwear.pl\/en\/wp-json\/wp\/v2\/types\/product"}],"replies":[{"embeddable":true,"href":"https:\/\/orbwear.pl\/en\/wp-json\/wp\/v2\/comments?post=909"}],"wp:featuredmedia":[{"embeddable":true,"href":"https:\/\/orbwear.pl\/en\/wp-json\/wp\/v2\/media\/915"}],"wp:attachment":[{"href":"https:\/\/orbwear.pl\/en\/wp-json\/wp\/v2\/media?parent=909"}],"wp:term":[{"taxonomy":"product_cat","embeddable":true,"href":"https:\/\/orbwear.pl\/en\/wp-json\/wp\/v2\/product_cat?post=909"},{"taxonomy":"product_tag","embeddable":true,"href":"https:\/\/orbwear.pl\/en\/wp-json\/wp\/v2\/product_tag?post=909"}],"curies":[{"name":"wp","href":"https:\/\/api.w.org\/{rel}","templated":true}]}}